{"id":12259,"date":"2024-10-25T09:09:50","date_gmt":"2024-10-25T07:09:50","guid":{"rendered":"https:\/\/www.degrea.com\/contatti\/"},"modified":"2026-04-23T11:18:55","modified_gmt":"2026-04-23T09:18:55","slug":"contacts","status":"publish","type":"page","link":"https:\/\/www.degrea.com\/fr\/contacts\/","title":{"rendered":"Contacts"},"content":{"rendered":"\t\t<div data-elementor-type=\"wp-page\" data-elementor-id=\"12259\" class=\"elementor elementor-12259 elementor-199\">\n\t\t\t\t        <section class=\"elementor-section elementor-top-section elementor-element elementor-element-7c133f1 pxl-row-scroll-fixed pxl-section-overlay-image elementor-section-stretched pxl-bg-color-right elementor-section-boxed elementor-section-height-default elementor-section-height-default\" data-id=\"7c133f1\" data-element_type=\"section\" data-e-type=\"section\" data-settings=\"{&quot;stretch_section&quot;:&quot;section-stretched&quot;}\">\n\n        <div class=\"pxl-section-bg-parallax pxl--parallax\" data-stellar-background-ratio=\"0.5\" data-parallax=\"[]\"><\/div>        \n        <div class=\"pxl-overlay--image bg-image\" style=\"background-image:url();\"><\/div>        <div class=\"elementor-container elementor-column-gap-extended \">\n                <div class=\"elementor-column elementor-col-100 elementor-top-column elementor-element elementor-element-fafc041 pxl-column-none\" data-id=\"fafc041\" data-element_type=\"column\" data-e-type=\"column\">\r\n        <div class=\"elementor-widget-wrap elementor-element-populated\">\r\n                     \r\n        \t\t<div class=\"elementor-element elementor-element-eb47b52 elementor-widget elementor-widget-pxl_heading\" data-id=\"eb47b52\" data-element_type=\"widget\" data-e-type=\"widget\" data-widget_type=\"pxl_heading.default\">\n\t\t\t\t<div class=\"elementor-widget-container\">\n\t\t\t\t\t<div id=\"pxl-pxl_heading-eb47b52-7460\" class=\"pxl-heading px-sub-title-default-style\">\n\t<div class=\"pxl-heading--inner\">\n\t\t\n\t\t\n\t\t<h3 class=\"pxl-item--title \" data-wow-delay=\"ms\">\n\t\t\tContacts\t\t\n\t\t<\/h3>\n\n\t\t\n\t\t\n\t\t\t\t\n\t<\/div>\n<\/div>\t\t\t\t<\/div>\n\t\t\t\t<\/div>\n\t\t\t\t<div class=\"elementor-element elementor-element-c731da7 elementor-widget elementor-widget-pxl_text_editor\" data-id=\"c731da7\" data-element_type=\"widget\" data-e-type=\"widget\" data-widget_type=\"pxl_text_editor.default\">\n\t\t\t\t<div class=\"elementor-widget-container\">\n\t\t\t\t\t<div id=\"pxl_text_editor-c731da7-8807\" class=\"pxl-image-wg\" duration=\"1\">\n\t<div class=\"pxl-text-editor\">\n\t\t<div class=\"pxl-item--inner \" data-wow-delay=\"ms\">\n\t\t\t<p>Adressez-nous un message\u00a0!<\/p>\t\t\n\t\t<\/div>\n\t<\/div>\n<\/div>\t\t\t\t<\/div>\n\t\t\t\t<\/div>\n\t\t            <\/div>\r\n        <\/div>\r\n        \t\t\t<\/div>\n\t\t<\/section>\n\t\t        <section class=\"elementor-section elementor-top-section elementor-element elementor-element-140c6c5 elementor-section-stretched elementor-section-boxed elementor-section-height-default elementor-section-height-default pxl-row-scroll-none pxl-bg-color-none pxl-section-overlay-none\" data-id=\"140c6c5\" data-element_type=\"section\" data-e-type=\"section\" data-settings=\"{&quot;stretch_section&quot;:&quot;section-stretched&quot;}\">\n\n                \n                <div class=\"elementor-container elementor-column-gap-extended \">\n                <div class=\"elementor-column elementor-col-50 elementor-top-column elementor-element elementor-element-f3693ea pxl-column-none\" data-id=\"f3693ea\" data-element_type=\"column\" data-e-type=\"column\">\r\n        <div class=\"elementor-widget-wrap elementor-element-populated\">\r\n                     \r\n        \t\t<div class=\"elementor-element elementor-element-5c1e993 elementor-widget elementor-widget-pxl_text_editor\" data-id=\"5c1e993\" data-element_type=\"widget\" data-e-type=\"widget\" data-widget_type=\"pxl_text_editor.default\">\n\t\t\t\t<div class=\"elementor-widget-container\">\n\t\t\t\t\t<div id=\"pxl_text_editor-5c1e993-9839\" class=\"pxl-image-wg\" duration=\"1\">\n\t<div class=\"pxl-text-editor\">\n\t\t<div class=\"pxl-item--inner \" data-wow-delay=\"ms\">\n\t\t\t<p>Vous avez besoin d\u2019informations concernant nos collections de vases en terre cuite\u00a0?<\/p>\t\t\n\t\t<\/div>\n\t<\/div>\n<\/div>\t\t\t\t<\/div>\n\t\t\t\t<\/div>\n\t\t\t\t<div class=\"elementor-element elementor-element-c59c630 elementor-widget elementor-widget-pxl_text_editor\" data-id=\"c59c630\" data-element_type=\"widget\" data-e-type=\"widget\" data-widget_type=\"pxl_text_editor.default\">\n\t\t\t\t<div class=\"elementor-widget-container\">\n\t\t\t\t\t<div id=\"pxl_text_editor-c59c630-1357\" class=\"pxl-image-wg\" duration=\"1\">\n\t<div class=\"pxl-text-editor\">\n\t\t<div class=\"pxl-item--inner \" data-wow-delay=\"ms\">\n\t\t\t<p>Nous commercialisons nos propres produits essentiellement aupr\u00e8s d\u2019entreprises B2B sp\u00e9cialis\u00e9es dans le secteur. Si vous \u00eates une personne priv\u00e9e, vous pouvez nous contacter pour nous demander des informations sur les points de vente o\u00f9 vous pourrez trouver nos produits.<\/p>\t\t\n\t\t<\/div>\n\t<\/div>\n<\/div>\t\t\t\t<\/div>\n\t\t\t\t<\/div>\n\t\t        <section class=\"elementor-section elementor-inner-section elementor-element elementor-element-d8eb30f elementor-section-boxed elementor-section-height-default elementor-section-height-default pxl-row-scroll-none pxl-bg-color-none pxl-section-overlay-none\" data-id=\"d8eb30f\" data-element_type=\"section\" data-e-type=\"section\" id=\"sezione_contatti\">\n\n                \n                <div class=\"elementor-container elementor-column-gap-default \">\n                <div class=\"elementor-column elementor-col-50 elementor-inner-column elementor-element elementor-element-1002dd2 pxl-column-none\" data-id=\"1002dd2\" data-element_type=\"column\" data-e-type=\"column\">\r\n        <div class=\"elementor-widget-wrap elementor-element-populated\">\r\n                     \r\n        \t\t<div class=\"elementor-element elementor-element-6a74773 elementor-widget elementor-widget-google_maps\" data-id=\"6a74773\" data-element_type=\"widget\" data-e-type=\"widget\" data-widget_type=\"google_maps.default\">\n\t\t\t\t<div class=\"elementor-widget-container\">\n\t\t\t\t\t\t\t<div class=\"elementor-custom-embed\">\n\t\t\t<iframe loading=\"lazy\"\n\t\t\t\t\tsrc=\"https:\/\/maps.google.com\/maps?q=degrea&#038;t=m&#038;z=10&#038;output=embed&#038;iwloc=near\"\n\t\t\t\t\ttitle=\"degrea\"\n\t\t\t\t\taria-label=\"degrea\"\n\t\t\t><\/iframe>\n\t\t<\/div>\n\t\t\t\t\t\t<\/div>\n\t\t\t\t<\/div>\n\t\t            <\/div>\r\n        <\/div>\r\n                <div class=\"elementor-column elementor-col-50 elementor-inner-column elementor-element elementor-element-34dcef8 pxl-column-none\" data-id=\"34dcef8\" data-element_type=\"column\" data-e-type=\"column\" data-settings=\"{&quot;background_background&quot;:&quot;classic&quot;}\">\r\n        <div class=\"elementor-widget-wrap elementor-element-populated\">\r\n                     \r\n        \t\t<div class=\"elementor-element elementor-element-29d0395 elementor-widget elementor-widget-pxl_text_editor\" data-id=\"29d0395\" data-element_type=\"widget\" data-e-type=\"widget\" data-widget_type=\"pxl_text_editor.default\">\n\t\t\t\t<div class=\"elementor-widget-container\">\n\t\t\t\t\t<div id=\"pxl_text_editor-29d0395-7806\" class=\"pxl-image-wg\" duration=\"1\">\n\t<div class=\"pxl-text-editor\">\n\t\t<div class=\"pxl-item--inner \" data-wow-delay=\"ms\">\n\t\t\t<p>Degrea SpA<\/p><p>Via Chiaroni, 1241<\/p><p>45030 San Martino di Venezze<\/p><p>Rovigo Italia<\/p><p>Tel. <a href=\"tel:+39042599922\">+39 0425 99922<\/a><\/p><p>Fax +39 0425 99923<\/p><p><a href=\"mailto:degrea@degrea.com\">degrea@degrea.com<\/a><\/p>\t\t\n\t\t<\/div>\n\t<\/div>\n<\/div>\t\t\t\t<\/div>\n\t\t\t\t<\/div>\n\t\t\t\t<div class=\"elementor-element elementor-element-431ddf9 elementor-widget elementor-widget-pxl_icon\" data-id=\"431ddf9\" data-element_type=\"widget\" data-e-type=\"widget\" data-widget_type=\"pxl_icon.default\">\n\t\t\t\t<div class=\"elementor-widget-container\">\n\t\t\t\t\t    <div class=\"pxl-icon-list pxl-icon1 style-default \" data-wow-delay=\"ms\">\r\n                                    <a class=\"elementor-repeater-item-62e0fdc \" href=\"https:\/\/it.linkedin.com\/company\/degrea-spa\" target=\"_blank\">\r\n                    <i aria-hidden=\"true\" class=\"fab fa-linkedin\"><\/i>                                    <\/a>\r\n                                                <a class=\"elementor-repeater-item-5873a9c \" href=\"https:\/\/www.instagram.com\/degrea.official\/\" target=\"_blank\">\r\n                    <i aria-hidden=\"true\" class=\"icofont icofont-instagram\"><\/i>                                    <\/a>\r\n                        <\/div>\r\n\t\t\t\t<\/div>\n\t\t\t\t<\/div>\n\t\t            <\/div>\r\n        <\/div>\r\n        \t\t\t<\/div>\n\t\t<\/section>\n\t\t            <\/div>\r\n        <\/div>\r\n                <div class=\"elementor-column elementor-col-50 elementor-top-column elementor-element elementor-element-c0e4ef1 pxl-column-none\" data-id=\"c0e4ef1\" data-element_type=\"column\" data-e-type=\"column\">\r\n        <div class=\"elementor-widget-wrap elementor-element-populated\">\r\n                     \r\n        \t\t<div class=\"elementor-element elementor-element-57a1102 elementor-widget elementor-widget-formidable\" data-id=\"57a1102\" data-element_type=\"widget\" data-e-type=\"widget\" data-widget_type=\"formidable.default\">\n\t\t\t\t<div class=\"elementor-widget-container\">\n\t\t\t\t\t<div class=\"frm_forms  with_frm_style frm_style_stile-formidable\" id=\"frm_form_3_container\" >\n<form enctype=\"multipart\/form-data\" method=\"post\" class=\"frm-show-form \" id=\"form_contact-form22\" >\n<div class=\"frm_form_fields \">\n<fieldset>\n<legend class=\"frm_screen_reader\">Contattaci FR<\/legend>\r\n\r\n<div class=\"frm_fields_container\">\n<input type=\"hidden\" name=\"frm_action\" value=\"create\" \/>\n<input type=\"hidden\" name=\"form_id\" value=\"3\" \/>\n<input type=\"hidden\" name=\"frm_hide_fields_3\" id=\"frm_hide_fields_3\" value=\"\" \/>\n<input type=\"hidden\" name=\"form_key\" value=\"contact-form22\" \/>\n<input type=\"hidden\" name=\"item_meta[0]\" value=\"\" \/>\n<input type=\"hidden\" id=\"frm_submit_entry_3\" name=\"frm_submit_entry_3\" value=\"f992ee350d\" \/><input type=\"hidden\" name=\"_wp_http_referer\" value=\"\/fr\/wp-json\/wp\/v2\/pages\/12259\" \/><div id=\"frm_field_17_container\" class=\"frm_form_field form-field  frm_required_field frm_inside_container frm_first frm12\">\r\n\t<label for=\"field_qh4icy3\" id=\"field_qh4icy3_label\" class=\"frm_primary_label\">Nom\r\n\t\t<span class=\"frm_required\" aria-hidden=\"true\">*<\/span>\r\n\t<\/label>\r\n\t<input type=\"text\" id=\"field_qh4icy3\" name=\"item_meta[17]\" value=\"\"  data-reqmsg=\"Nom non pu\u00f2 essere vuoto.\" aria-required=\"true\" data-invmsg=\"Nom non \u00e8 valido\" aria-invalid=\"false\"  \/>\r\n\t\r\n\t\r\n<\/div>\n<div id=\"frm_field_18_container\" class=\"frm_form_field form-field  frm_required_field frm_inside_container frm12\">\r\n\t<label for=\"field_ocfup13\" id=\"field_ocfup13_label\" class=\"frm_primary_label\">Pr\u00e9nom\r\n\t\t<span class=\"frm_required\" aria-hidden=\"true\">*<\/span>\r\n\t<\/label>\r\n\t<input type=\"text\" id=\"field_ocfup13\" name=\"item_meta[18]\" value=\"\"  data-reqmsg=\"Pr\u00e9nom non pu\u00f2 essere vuoto.\" aria-required=\"true\" data-invmsg=\"Pr\u00e9nom non \u00e8 valido\" aria-invalid=\"false\"  \/>\r\n\t\r\n\t\r\n<\/div>\n<div id=\"frm_field_19_container\" class=\"frm_form_field form-field  frm_required_field frm_inside_container frm_full\">\r\n\t<label for=\"field_29yf4d3\" id=\"field_29yf4d3_label\" class=\"frm_primary_label\">Email\r\n\t\t<span class=\"frm_required\" aria-hidden=\"true\">*<\/span>\r\n\t<\/label>\r\n\t<input type=\"email\" id=\"field_29yf4d3\" name=\"item_meta[19]\" value=\"\"  data-reqmsg=\"Email non pu\u00f2 essere vuoto.\" aria-required=\"true\" data-invmsg=\"Please enter a valid email address\" aria-invalid=\"false\"  \/>\r\n\t\r\n\t\r\n<\/div>\n<div id=\"frm_field_20_container\" class=\"frm_form_field form-field  frm_inside_container\">\r\n\t<label for=\"field_lr8bm3\" id=\"field_lr8bm3_label\" class=\"frm_primary_label\">Soci\u00e9t\u00e9\r\n\t\t<span class=\"frm_required\" aria-hidden=\"true\"><\/span>\r\n\t<\/label>\r\n\t<input type=\"text\" id=\"field_lr8bm3\" name=\"item_meta[20]\" value=\"\"  data-invmsg=\"Soci\u00e9t\u00e9 non \u00e8 valido\" aria-invalid=\"false\"  \/>\r\n\t\r\n\t\r\n<\/div>\n<div id=\"frm_field_21_container\" class=\"frm_form_field form-field  frm_inside_container frm_full\">\r\n\t<label for=\"field_e6lis63\" id=\"field_e6lis63_label\" class=\"frm_primary_label\">T\u00e9l\u00e9phone\r\n\t\t<span class=\"frm_required\" aria-hidden=\"true\"><\/span>\r\n\t<\/label>\r\n\t<input type=\"text\" id=\"field_e6lis63\" name=\"item_meta[21]\" value=\"\"  data-invmsg=\"T\u00e9l\u00e9phone non \u00e8 valido\" aria-invalid=\"false\"  \/>\r\n\t\r\n\t\r\n<\/div>\n<div id=\"frm_field_22_container\" class=\"frm_form_field form-field  frm_required_field frm_inside_container frm_full\">\r\n\t<label for=\"field_9jv0r13\" id=\"field_9jv0r13_label\" class=\"frm_primary_label\">Message\r\n\t\t<span class=\"frm_required\" aria-hidden=\"true\">*<\/span>\r\n\t<\/label>\r\n\t<textarea name=\"item_meta[22]\" id=\"field_9jv0r13\" rows=\"5\"  data-reqmsg=\"Message non pu\u00f2 essere vuoto.\" aria-required=\"true\" data-invmsg=\"Message est non valide\" aria-invalid=\"false\"  ><\/textarea>\r\n\t\r\n\t\r\n<\/div>\n<div id=\"frm_field_23_container\" class=\"frm_form_field form-field  frm_required_field frm_top_container vertical_radio\">\r\n\t<div  id=\"field_qel3y3_label\" class=\"frm_primary_label\">Privacy\r\n\t\t<span class=\"frm_required\" aria-hidden=\"true\">*<\/span>\r\n\t<\/div>\r\n\t<div class=\"frm_opt_container\" aria-labelledby=\"field_qel3y3_label\" role=\"group\">\t\t<div class=\"frm_checkbox\" id=\"frm_checkbox_23-0\">\t\t\t<label  for=\"field_qel3y3-0\">\n\t\t\t<input type=\"checkbox\" name=\"item_meta[23][]\" id=\"field_qel3y3-0\" value=\"Je d\u00e9clare avoir pris &lt;a href=&quot;https:\/\/www.degrea.com\/fr\/privacy-e-cookie-policy\/&quot;&gt;connaissance des informations&lt;\/a&gt; et je suis conscient que le traitement des donn\u00e9es est n\u00e9cessaire pour obtenir le service propos\u00e9. \u00c0 cette fin, en d\u00e9clarant \u00eatre majeur, je donne mon consentement.\"  data-reqmsg=\"Privacy non pu\u00f2 essere vuoto.\" data-invmsg=\"Privacy non \u00e8 valido\"   aria-required=\"true\"  \/> Je d\u00e9clare avoir pris <a href=\"https:\/\/www.degrea.com\/fr\/privacy-e-cookie-policy\/\">connaissance des informations<\/a> et je suis conscient que le traitement des donn\u00e9es est n\u00e9cessaire pour obtenir le service propos\u00e9. \u00c0 cette fin, en d\u00e9clarant \u00eatre majeur, je donne mon consentement.<\/label><\/div>\n<\/div>\r\n\t\r\n\t\r\n<\/div>\n<div id=\"frm_field_25_container\" class=\"frm_form_field form-field  frm_none_container\">\r\n\t<label for=\"g-recaptcha-response\" id=\"field_vr2x3_label\" class=\"frm_primary_label\">Captcha\r\n\t\t<span class=\"frm_required\" aria-hidden=\"true\"><\/span>\r\n\t<\/label>\r\n\t<div  id=\"field_vr2x3\" class=\"frm-g-recaptcha\" data-sitekey=\"6LdhCvsrAAAAANq3TuJ_0KFUPPo-myJ9KFYB7Ucr\" data-size=\"invisible\" data-theme=\"light\"><\/div>\r\n\t\r\n\t\r\n<\/div>\n<div id=\"frm_field_24_container\" class=\"frm_form_field form-field  form_invia\">\r\n\t<div class=\"frm_submit frm_flex\">\r\n<button class=\"frm_button_submit\" type=\"submit\"  >Envoyer<\/button>\r\n\r\n\r\n\r\n<\/div>\r\n<\/div>\n\t<input type=\"hidden\" name=\"item_key\" value=\"\" \/>\n\t\t\t<div id=\"frm_field_28_container\">\n\t\t\t<label for=\"field_7pabd\" >\n\t\t\t\tSi vous \u00eates un humain, ne remplissez pas ce champ.\t\t\t<\/label>\n\t\t\t<input  id=\"field_7pabd\" type=\"text\" class=\"frm_form_field form-field frm_verify\" name=\"item_meta[28]\" value=\"\"  \/>\n\t\t<\/div>\n\t\t<input name=\"frm_state\" type=\"hidden\" value=\"z9kQDicTjtTpO5FgjPAn2u86hgJVs7kpvxI5kMlPp5Y=\" \/><\/div>\n<\/fieldset>\n<\/div>\n\n<\/form>\n<\/div>\n\t\t\t\t<\/div>\n\t\t\t\t<\/div>\n\t\t            <\/div>\r\n        <\/div>\r\n        \t\t\t<\/div>\n\t\t<\/section>\n\t\t\t\t<\/div>\n\t\t","protected":false},"excerpt":{"rendered":"<p>Contacts Adressez-nous un message\u00a0! Vous avez besoin d\u2019informations concernant nos collections de vases en terre cuite\u00a0? Nous commercialisons nos propres produits essentiellement aupr\u00e8s d\u2019entreprises B2B sp\u00e9cialis\u00e9es dans le secteur. Si vous \u00eates une personne priv\u00e9e, vous pouvez nous contacter pour nous demander des informations sur les points de vente o\u00f9 vous pourrez trouver nos produits. [&hellip;]<\/p>\n","protected":false},"author":1,"featured_media":0,"parent":0,"menu_order":0,"comment_status":"closed","ping_status":"closed","template":"","meta":{"_acf_changed":false,"footnotes":""},"class_list":["post-12259","page","type-page","status-publish","hentry"],"acf":[],"_links":{"self":[{"href":"https:\/\/www.degrea.com\/fr\/wp-json\/wp\/v2\/pages\/12259","targetHints":{"allow":["GET"]}}],"collection":[{"href":"https:\/\/www.degrea.com\/fr\/wp-json\/wp\/v2\/pages"}],"about":[{"href":"https:\/\/www.degrea.com\/fr\/wp-json\/wp\/v2\/types\/page"}],"author":[{"embeddable":true,"href":"https:\/\/www.degrea.com\/fr\/wp-json\/wp\/v2\/users\/1"}],"replies":[{"embeddable":true,"href":"https:\/\/www.degrea.com\/fr\/wp-json\/wp\/v2\/comments?post=12259"}],"version-history":[{"count":10,"href":"https:\/\/www.degrea.com\/fr\/wp-json\/wp\/v2\/pages\/12259\/revisions"}],"predecessor-version":[{"id":13696,"href":"https:\/\/www.degrea.com\/fr\/wp-json\/wp\/v2\/pages\/12259\/revisions\/13696"}],"wp:attachment":[{"href":"https:\/\/www.degrea.com\/fr\/wp-json\/wp\/v2\/media?parent=12259"}],"curies":[{"name":"wp","href":"https:\/\/api.w.org\/{rel}","templated":true}]}}