{"id":12265,"date":"2025-07-09T10:51:13","date_gmt":"2025-07-09T08:51:13","guid":{"rendered":"https:\/\/www.degrea.com\/sostenibilita\/"},"modified":"2025-11-10T08:54:22","modified_gmt":"2025-11-10T07:54:22","slug":"durabilite","status":"publish","type":"page","link":"https:\/\/www.degrea.com\/fr\/durabilite\/","title":{"rendered":"Durabilit\u00e9"},"content":{"rendered":"\t\t<div data-elementor-type=\"wp-page\" data-elementor-id=\"12265\" class=\"elementor elementor-12265 elementor-10679\">\n\t\t\t\t        <section class=\"elementor-section elementor-top-section elementor-element elementor-element-f56f809 elementor-section-stretched elementor-section-full_width elementor-section-height-default elementor-section-height-default pxl-row-scroll-none pxl-full-content-with-space-none pxl-bg-color-none pxl-section-overlay-none\" data-id=\"f56f809\" data-element_type=\"section\" data-e-type=\"section\" data-settings=\"{&quot;stretch_section&quot;:&quot;section-stretched&quot;,&quot;background_background&quot;:&quot;classic&quot;}\">\n\n                \n                <div class=\"elementor-container elementor-column-gap-no \">\n                <div class=\"elementor-column elementor-col-50 elementor-top-column elementor-element elementor-element-5ef2300 pxl-column-none\" data-id=\"5ef2300\" data-element_type=\"column\" data-e-type=\"column\" data-settings=\"{&quot;background_background&quot;:&quot;classic&quot;}\">\r\n        <div class=\"elementor-widget-wrap elementor-element-populated\">\r\n                     \r\n        \t\t<div class=\"elementor-element elementor-element-b2137e3 text-bold elementor-widget elementor-widget-pxl_heading\" data-id=\"b2137e3\" data-element_type=\"widget\" data-e-type=\"widget\" data-widget_type=\"pxl_heading.default\">\n\t\t\t\t<div class=\"elementor-widget-container\">\n\t\t\t\t\t<div id=\"pxl-pxl_heading-b2137e3-3733\" class=\"pxl-heading px-sub-title-default-style\">\n\t<div class=\"pxl-heading--inner\">\n\t\t\n\t\t\t\t\t<div class=\"pxl-item--subtitle px-sub-title-default wow fadeInUp\" data-wow-delay=\"ms\">\n\t\t\t\t\t\t\t\t<span class=\"pxl-item--subtext\">\n\t\t\t\t\twelcome to our company\t\t\t\t<\/span>\n\t\t\t<\/div>\n\t\t\n\t\t<h3 class=\"pxl-item--title wow fadeInUp\" data-wow-delay=\"400ms\">\n\t\t\t<span>DURABILIT\u00c9<span class=\"text-gray\"><\/span><\/span>\t\t\n\t\t<\/h3>\n\n\t\t\n\t\t\n\t\t\t\t\n\t<\/div>\n<\/div>\t\t\t\t<\/div>\n\t\t\t\t<\/div>\n\t\t\t\t<div class=\"elementor-element elementor-element-13cd6ff elementor-widget elementor-widget-pxl_text_editor\" data-id=\"13cd6ff\" data-element_type=\"widget\" data-e-type=\"widget\" data-widget_type=\"pxl_text_editor.default\">\n\t\t\t\t<div class=\"elementor-widget-container\">\n\t\t\t\t\t<div id=\"pxl_text_editor-13cd6ff-1761\" class=\"pxl-image-wg\" duration=\"1\">\n\t<div class=\"pxl-text-editor\">\n\t\t<div class=\"pxl-item--inner \" data-wow-delay=\"ms\">\n\t\t\t<p>La terre est dans nos c\u0153urs et dans nos fours<\/p>\t\t\n\t\t<\/div>\n\t<\/div>\n<\/div>\t\t\t\t<\/div>\n\t\t\t\t<\/div>\n\t\t\t\t<div class=\"elementor-element elementor-element-69f2a99 link_scroll elementor-widget elementor-widget-pxl_list_custom\" data-id=\"69f2a99\" data-element_type=\"widget\" data-e-type=\"widget\" data-widget_type=\"pxl_list_custom.default\">\n\t\t\t\t<div class=\"elementor-widget-container\">\n\t\t\t\t\t    <div class=\"pxl-list-custom\">\r\n                    <div class=\"pxl--item \" data-wow-delay=\"ms\">\r\n            <div class=\"pxl-item-content\">\r\n                    <div class=\"pxl-item--text\">\r\n                        <a class=\"pxl-btn\" href=\"\/fr\/entreprise\/\">\r\n                            ENTREPRISE                        <\/a>      \r\n                    <\/div>\r\n                <\/div>    \r\n                                <div class=\"pxl-item--icon\">\r\n                        <i aria-hidden=\"true\" class=\"icofont icofont-long-arrow-right\"><\/i>                    <\/div>\r\n                                                \r\n            <\/div>\r\n                    <div class=\"pxl--item \" data-wow-delay=\"ms\">\r\n            <div class=\"pxl-item-content\">\r\n                    <div class=\"pxl-item--text\">\r\n                        <a class=\"pxl-btn\" href=\"\/fr\/innovation\/\">\r\n                            INNOVATION                        <\/a>      \r\n                    <\/div>\r\n                <\/div>    \r\n                                <div class=\"pxl-item--icon\">\r\n                        <i aria-hidden=\"true\" class=\"icofont icofont-long-arrow-right\"><\/i>                    <\/div>\r\n                                                \r\n            <\/div>\r\n                    <div class=\"pxl--item \" data-wow-delay=\"ms\">\r\n            <div class=\"pxl-item-content\">\r\n                    <div class=\"pxl-item--text\">\r\n                        <a class=\"pxl-btn\" href=\"\/fr\/premium-terracotta\/\">\r\n                            PREMIUM TERRACOTTA                        <\/a>      \r\n                    <\/div>\r\n                <\/div>    \r\n                                <div class=\"pxl-item--icon\">\r\n                        <i aria-hidden=\"true\" class=\"icofont icofont-long-arrow-right\"><\/i>                    <\/div>\r\n                                                \r\n            <\/div>\r\n            <\/div>\r\n\t\t\t\t<\/div>\n\t\t\t\t<\/div>\n\t\t            <\/div>\r\n        <\/div>\r\n                <div class=\"elementor-column elementor-col-50 elementor-top-column elementor-element elementor-element-b3948b9 pxl-column-none\" data-id=\"b3948b9\" data-element_type=\"column\" data-e-type=\"column\" data-settings=\"{&quot;background_background&quot;:&quot;classic&quot;}\">\r\n        <div class=\"elementor-widget-wrap elementor-element-populated\">\r\n                     \r\n        \t\t<div class=\"elementor-element elementor-element-538ac11 img-gradiend elementor-widget elementor-widget-pxl_image\" data-id=\"538ac11\" data-element_type=\"widget\" data-e-type=\"widget\" data-widget_type=\"pxl_image.default\">\n\t\t\t\t<div class=\"elementor-widget-container\">\n\t\t\t\t\t<div id=\"pxl_image-538ac11-2059\" class=\"pxl-image-single  style-default \" data-wow-delay=\"ms\" >\r\n    <div class=\"pxl-item--inner \" data-wow-delay=\"120ms\">\r\n        \r\n                                <div class=\"pxl-item--image\" data-parallax-value=\"\">\r\n                        <div id=\"pxl_image-538ac11-9124\" class=\"pxl-image-wg\" duration=\"1\">\r\n                                                            <img fetchpriority=\"high\" decoding=\"async\" class=\"no-lazyload \" src=\"https:\/\/www.degrea.com\/wp-content\/uploads\/2025\/07\/DJI_0308-958x719.jpg\" width=\"958\" height=\"719\" alt=\"DJI_0308\" title=\"DJI_0308\" \/>                                                    <\/div>\r\n                    <\/div>\r\n                            \r\n            <\/div>\r\n<\/div>\t\t\t\t<\/div>\n\t\t\t\t<\/div>\n\t\t            <\/div>\r\n        <\/div>\r\n        \t\t\t<\/div>\n\t\t<\/section>\n\t\t        <section class=\"elementor-section elementor-top-section elementor-element elementor-element-2341b74 elementor-section-boxed elementor-section-height-default elementor-section-height-default pxl-row-scroll-none pxl-bg-color-none pxl-section-overlay-none\" data-id=\"2341b74\" data-element_type=\"section\" data-e-type=\"section\">\n\n                \n                <div class=\"elementor-container elementor-column-gap-default \">\n                <div class=\"elementor-column elementor-col-100 elementor-top-column elementor-element elementor-element-664ee0d pxl-column-none\" data-id=\"664ee0d\" data-element_type=\"column\" data-e-type=\"column\">\r\n        <div class=\"elementor-widget-wrap elementor-element-populated\">\r\n                     \r\n                <section class=\"elementor-section elementor-inner-section elementor-element elementor-element-a8f8c3a elementor-section-content-middle elementor-section-boxed elementor-section-height-default elementor-section-height-default pxl-row-scroll-none pxl-bg-color-none pxl-section-overlay-none\" data-id=\"a8f8c3a\" data-element_type=\"section\" data-e-type=\"section\">\n\n                \n                <div class=\"elementor-container elementor-column-gap-default \">\n                <div class=\"elementor-column elementor-col-33 elementor-inner-column elementor-element elementor-element-8063b5b pxl-column-none\" data-id=\"8063b5b\" data-element_type=\"column\" data-e-type=\"column\">\r\n        <div class=\"elementor-widget-wrap elementor-element-populated\">\r\n                     \r\n        \t\t<div class=\"elementor-element elementor-element-099b109 text-bold elementor-widget elementor-widget-pxl_heading\" data-id=\"099b109\" data-element_type=\"widget\" data-e-type=\"widget\" data-widget_type=\"pxl_heading.default\">\n\t\t\t\t<div class=\"elementor-widget-container\">\n\t\t\t\t\t<div id=\"pxl-pxl_heading-099b109-2888\" class=\"pxl-heading px-sub-title-default-style\">\n\t<div class=\"pxl-heading--inner\">\n\t\t\n\t\t\n\t\t<h3 class=\"pxl-item--title wow fadeInUp\" data-wow-delay=\"400ms\">\n\t\t\t<span>PLANET EARTH <\/br><span class=\"text-gray\">AT HEART<\/span><\/span>\t\t\n\t\t<\/h3>\n\n\t\t\n\t\t\n\t\t\t\t\n\t<\/div>\n<\/div>\t\t\t\t<\/div>\n\t\t\t\t<\/div>\n\t\t\t\t<div class=\"elementor-element elementor-element-a95aff7 elementor-widget elementor-widget-pxl_text_editor\" data-id=\"a95aff7\" data-element_type=\"widget\" data-e-type=\"widget\" data-widget_type=\"pxl_text_editor.default\">\n\t\t\t\t<div class=\"elementor-widget-container\">\n\t\t\t\t\t<div id=\"pxl_text_editor-a95aff7-4051\" class=\"pxl-image-wg\" duration=\"1\">\n\t<div class=\"pxl-text-editor\">\n\t\t<div class=\"pxl-item--inner \" data-wow-delay=\"ms\">\n\t\t\t<p>Nous avons <strong>\u00e0 c\u0153ur la plan\u00e8te Terre<\/strong>. Nous nous engageons dans une s\u00e9rie d\u2019<strong>actions concr\u00e8tes pour r\u00e9duire notre impact sur l\u2019environnement<\/strong>.<\/p><p>La <strong>durabilit\u00e9<\/strong> est l\u2019un des <strong>piliers fondamentaux<\/strong> de la <strong>philosophie de Degrea<\/strong>. Conscients de l\u2019importance de <strong>prendre soin de notre plan\u00e8te<\/strong>, nous avons pris toute une s\u00e9rie de <strong>mesures concr\u00e8tes<\/strong> pour rendre notre <strong>processus de production aussi \u00e9cologique que possible<\/strong>.<\/p><p>De l\u2019<strong>utilisation de s\u00e9choirs<\/strong> qui <strong>r\u00e9cup\u00e8rent la chaleur du four<\/strong> \u00e0 la <strong>production aliment\u00e9e d\u2019installation photovolta\u00efques<\/strong>, et jusqu\u2019au <strong>recyclage syst\u00e9matique des rebuts de production\u00a0<\/strong>: chaque \u00e9tape est \u00e9tudi\u00e9e pour <strong>r\u00e9duire l\u2019impact sur l\u2019environnement<\/strong>. <br \/>Nous avons obtenu la <strong>certification environnementale UNI EN ISO 14001<\/strong> qui confirme notre engagement pour un futur durable.<\/p>\t\t\n\t\t<\/div>\n\t<\/div>\n<\/div>\t\t\t\t<\/div>\n\t\t\t\t<\/div>\n\t\t            <\/div>\r\n        <\/div>\r\n                <div class=\"elementor-column elementor-col-33 elementor-inner-column elementor-element elementor-element-721ff99 pxl-column-none\" data-id=\"721ff99\" data-element_type=\"column\" data-e-type=\"column\">\r\n        <div class=\"elementor-widget-wrap elementor-element-populated\">\r\n                     \r\n        \t\t<div class=\"elementor-element elementor-element-87c27c3 padding_aia color_verde elementor-widget elementor-widget-pxl_box_button\" data-id=\"87c27c3\" data-element_type=\"widget\" data-e-type=\"widget\" data-widget_type=\"pxl_box_button.default\">\n\t\t\t\t<div class=\"elementor-widget-container\">\n\t\t\t\t\t<div class=\"pxl-box-button pxl-box-button2 \" data-wow-delay=\"ms\">  \r\n    <div class=\"pxl-content\">\r\n        <div class=\"pxl-title\">Recyclage total<\/div>\r\n                <div class=\"pxl-item-inner\">\r\n                            <a class=\"btn-shape-primary btn-flex\" >\r\n                    <span class=\"pxl-btn\">des rebuts de produits avec une r\u00e9duction au minimum des d\u00e9chets<\/span>\r\n                <\/a>\r\n                        \r\n        <\/div> \r\n    <\/div> \r\n<\/div> \r\n\t\t\t\t<\/div>\n\t\t\t\t<\/div>\n\t\t\t\t<div class=\"elementor-element elementor-element-3988432 box-with-image elementor-widget elementor-widget-pxl_counter\" data-id=\"3988432\" data-element_type=\"widget\" data-e-type=\"widget\" data-widget_type=\"pxl_counter.default\">\n\t\t\t\t<div class=\"elementor-widget-container\">\n\t\t\t\t\t<div class=\"pxl-counter pxl-counter1 wow fadeInUp\" data-wow-delay=\"ms\">\r\n    <div class=\"pxl--item-inner style-3\">\r\n        <div class=\"pxl--counter-meta\">\r\n            <div class=\"pxl--counter-number\">\r\n                        <div class=\"pxl-video--holder wow wow fadeInUp\" data-wow-delay=\"ms\">\r\n                                    <img decoding=\"async\" class=\"\" src=\"https:\/\/www.degrea.com\/wp-content\/uploads\/2024\/10\/tree-60x60.png\" width=\"60\" height=\"60\" alt=\"tree\" title=\"tree\" \/>                            <\/div>\r\n                   \r\n                <div class=\"pxl-counter-meta\">\r\n                    <span class=\"pxl--counter-prefix el-empty\"><\/span>\r\n                    <span class=\"pxl--counter-value effect-default\" data-duration=\"2000\" data-startnumber=\"1\" data-endnumber=\"10.415\" data-to-value=\"10.415\" data-delimiter=\"\">1<\/span>\r\n                                            <span class=\"pxl--counter-suffix\">MWh<\/span>\r\n                                                            <div class=\"pxl--item-title\">\u00e9nergie verte produite<\/div>\r\n                                <\/div>\r\n                \r\n            <\/div>\r\n        <\/div>\r\n    <\/div>\r\n<\/div>\t\t\t\t<\/div>\n\t\t\t\t<\/div>\n\t\t            <\/div>\r\n        <\/div>\r\n                <div class=\"elementor-column elementor-col-33 elementor-inner-column elementor-element elementor-element-1db756c pxl-column-none\" data-id=\"1db756c\" data-element_type=\"column\" data-e-type=\"column\">\r\n        <div class=\"elementor-widget-wrap elementor-element-populated\">\r\n                     \r\n        \t\t<div class=\"elementor-element elementor-element-0cd892b box-with-image elementor-widget elementor-widget-pxl_counter\" data-id=\"0cd892b\" data-element_type=\"widget\" data-e-type=\"widget\" data-widget_type=\"pxl_counter.default\">\n\t\t\t\t<div class=\"elementor-widget-container\">\n\t\t\t\t\t<div class=\"pxl-counter pxl-counter1 wow fadeInUp\" data-wow-delay=\"ms\">\r\n    <div class=\"pxl--item-inner style-3\">\r\n        <div class=\"pxl--counter-meta\">\r\n            <div class=\"pxl--counter-number\">\r\n                        <div class=\"pxl-video--holder wow wow fadeInUp\" data-wow-delay=\"ms\">\r\n                                    <img decoding=\"async\" class=\"\" src=\"https:\/\/www.degrea.com\/wp-content\/uploads\/2025\/02\/Saved-Gas-66x60.png\" width=\"66\" height=\"60\" alt=\"Saved Gas\" title=\"Saved Gas\" \/>                            <\/div>\r\n                   \r\n                <div class=\"pxl-counter-meta\">\r\n                    <span class=\"pxl--counter-prefix el-empty\"><\/span>\r\n                    <span class=\"pxl--counter-value effect-default\" data-duration=\"2000\" data-startnumber=\"100\" data-endnumber=\"517.5\" data-to-value=\"517.5\" data-delimiter=\"\">100<\/span>\r\n                                            <span class=\"pxl--counter-suffix\">m3<\/span>\r\n                                                            <div class=\"pxl--item-title\">\u00e9conomie annuelle de gaz<\/div>\r\n                                <\/div>\r\n                \r\n            <\/div>\r\n        <\/div>\r\n    <\/div>\r\n<\/div>\t\t\t\t<\/div>\n\t\t\t\t<\/div>\n\t\t\t\t<div class=\"elementor-element elementor-element-7709e9a padding_aia color_verde padding_iso elementor-widget elementor-widget-pxl_box_button\" data-id=\"7709e9a\" data-element_type=\"widget\" data-e-type=\"widget\" data-widget_type=\"pxl_box_button.default\">\n\t\t\t\t<div class=\"elementor-widget-container\">\n\t\t\t\t\t<div class=\"pxl-box-button pxl-box-button2 \" data-wow-delay=\"ms\">  \r\n    <div class=\"pxl-content\">\r\n        <div class=\"pxl-title\">ISO&nbsp;9001&nbsp;(Qualit\u00e9) ISO&nbsp;14001&nbsp;(Environnement)<\/div>\r\n                <div class=\"pxl-item-inner\">\r\n                        \r\n        <\/div> \r\n    <\/div> \r\n<\/div> \r\n\t\t\t\t<\/div>\n\t\t\t\t<\/div>\n\t\t            <\/div>\r\n        <\/div>\r\n        \t\t\t<\/div>\n\t\t<\/section>\n\t\t            <\/div>\r\n        <\/div>\r\n        \t\t\t<\/div>\n\t\t<\/section>\n\t\t        <section class=\"elementor-section elementor-top-section elementor-element elementor-element-42da996 elementor-section-stretched elementor-section-boxed elementor-section-height-default elementor-section-height-default pxl-row-scroll-none pxl-bg-color-none pxl-section-overlay-none\" data-id=\"42da996\" data-element_type=\"section\" data-e-type=\"section\" data-settings=\"{&quot;stretch_section&quot;:&quot;section-stretched&quot;,&quot;background_background&quot;:&quot;classic&quot;}\">\n\n                \n                <div class=\"elementor-container elementor-column-gap-extended \">\n                <div class=\"elementor-column elementor-col-100 elementor-top-column elementor-element elementor-element-5712e79 pxl-column-none\" data-id=\"5712e79\" data-element_type=\"column\" data-e-type=\"column\">\r\n        <div class=\"elementor-widget-wrap elementor-element-populated\">\r\n                     \r\n        \t\t<div class=\"elementor-element elementor-element-65c71ce elementor-arrows-position-inside elementor-widget elementor-widget-image-carousel\" data-id=\"65c71ce\" data-element_type=\"widget\" data-e-type=\"widget\" data-settings=\"{&quot;slides_to_show&quot;:&quot;1&quot;,&quot;navigation&quot;:&quot;arrows&quot;,&quot;autoplay&quot;:&quot;yes&quot;,&quot;pause_on_hover&quot;:&quot;yes&quot;,&quot;pause_on_interaction&quot;:&quot;yes&quot;,&quot;autoplay_speed&quot;:5000,&quot;infinite&quot;:&quot;yes&quot;,&quot;effect&quot;:&quot;slide&quot;,&quot;speed&quot;:500}\" data-widget_type=\"image-carousel.default\">\n\t\t\t\t<div class=\"elementor-widget-container\">\n\t\t\t\t\t\t\t<div class=\"elementor-image-carousel-wrapper swiper\" role=\"region\" aria-roledescription=\"carousel\" aria-label=\"Carosello d&#039;immagini\" dir=\"ltr\">\n\t\t\t<div class=\"elementor-image-carousel swiper-wrapper\" aria-live=\"off\">\n\t\t\t\t\t\t\t\t<div class=\"swiper-slide\" role=\"group\" aria-roledescription=\"slide\" aria-label=\"1 sur 2\"><figure class=\"swiper-slide-inner\"><img decoding=\"async\" class=\"swiper-slide-image\" src=\"https:\/\/www.degrea.com\/wp-content\/uploads\/2025\/07\/DJI_0296.jpg\" alt=\"DJI_0296\" \/><\/figure><\/div><div class=\"swiper-slide\" role=\"group\" aria-roledescription=\"slide\" aria-label=\"2 sur 2\"><figure class=\"swiper-slide-inner\"><img decoding=\"async\" class=\"swiper-slide-image\" src=\"https:\/\/www.degrea.com\/wp-content\/uploads\/2025\/07\/DJI_0305.jpg\" alt=\"DJI_0305\" \/><\/figure><\/div>\t\t\t<\/div>\n\t\t\t\t\t\t\t\t\t\t\t\t<div class=\"elementor-swiper-button elementor-swiper-button-prev\" role=\"button\" tabindex=\"0\">\n\t\t\t\t\t\t<i aria-hidden=\"true\" class=\"eicon-chevron-left\"><\/i>\t\t\t\t\t<\/div>\n\t\t\t\t\t<div class=\"elementor-swiper-button elementor-swiper-button-next\" role=\"button\" tabindex=\"0\">\n\t\t\t\t\t\t<i aria-hidden=\"true\" class=\"eicon-chevron-right\"><\/i>\t\t\t\t\t<\/div>\n\t\t\t\t\n\t\t\t\t\t\t\t\t\t<\/div>\n\t\t\t\t\t\t<\/div>\n\t\t\t\t<\/div>\n\t\t            <\/div>\r\n        <\/div>\r\n        \t\t\t<\/div>\n\t\t<\/section>\n\t\t        <section class=\"elementor-section elementor-top-section elementor-element elementor-element-eb5b65a elementor-section-stretched elementor-section-boxed elementor-section-height-default elementor-section-height-default pxl-row-scroll-none pxl-bg-color-none pxl-section-overlay-none\" data-id=\"eb5b65a\" data-element_type=\"section\" data-e-type=\"section\" data-settings=\"{&quot;stretch_section&quot;:&quot;section-stretched&quot;,&quot;background_background&quot;:&quot;classic&quot;}\">\n\n                \n                <div class=\"elementor-container elementor-column-gap-extended \">\n                <div class=\"elementor-column elementor-col-50 elementor-top-column elementor-element elementor-element-716e618 pxl-column-none\" data-id=\"716e618\" data-element_type=\"column\" data-e-type=\"column\">\r\n        <div class=\"elementor-widget-wrap elementor-element-populated\">\r\n                     \r\n        \t\t<div class=\"elementor-element elementor-element-21e58f7 text-bold elementor-widget elementor-widget-pxl_heading\" data-id=\"21e58f7\" data-element_type=\"widget\" data-e-type=\"widget\" data-widget_type=\"pxl_heading.default\">\n\t\t\t\t<div class=\"elementor-widget-container\">\n\t\t\t\t\t<div id=\"pxl-pxl_heading-21e58f7-2688\" class=\"pxl-heading px-sub-title-default-style\">\n\t<div class=\"pxl-heading--inner\">\n\t\t\n\t\t\t\t\t<div class=\"pxl-item--subtitle px-sub-title-default wow fadeInUp\" data-wow-delay=\"200ms\">\n\t\t\t\t\t\t\t\t<span class=\"pxl-item--subtext\">\n\t\t\t\t\tour terracottas\t\t\t\t<\/span>\n\t\t\t<\/div>\n\t\t\n\t\t<h3 class=\"pxl-item--title wow fadeInUp\" data-wow-delay=\"400ms\">\n\t\t\t<span> the earth  <br \/><span class=\"text-gray\">is not flat<\/span><\/span>\t\t\n\t\t<\/h3>\n\n\t\t\n\t\t\n\t\t\t\t\n\t<\/div>\n<\/div>\t\t\t\t<\/div>\n\t\t\t\t<\/div>\n\t\t\t\t<div class=\"elementor-element elementor-element-237584e elementor-widget elementor-widget-pxl_text_editor\" data-id=\"237584e\" data-element_type=\"widget\" data-e-type=\"widget\" data-widget_type=\"pxl_text_editor.default\">\n\t\t\t\t<div class=\"elementor-widget-container\">\n\t\t\t\t\t<div id=\"pxl_text_editor-237584e-2055\" class=\"pxl-image-wg\" duration=\"1\">\n\t<div class=\"pxl-text-editor\">\n\t\t<div class=\"pxl-item--inner \" data-wow-delay=\"ms\">\n\t\t\t<div><div>Pour nous, la terre n\u2019est pas plate : gr\u00e2ce \u00e0 nos techniques de production innovatrices, nous r\u00e9alisons des produits en terre cuite de nombreuses formes, finitions et couleurs diff\u00e9rentes.<\/div><\/div>\t\t\n\t\t<\/div>\n\t<\/div>\n<\/div>\t\t\t\t<\/div>\n\t\t\t\t<\/div>\n\t\t\t\t<div class=\"elementor-element elementor-element-3204ca6 elementor-align-center elementor-widget elementor-widget-pxl_button\" data-id=\"3204ca6\" data-element_type=\"widget\" data-e-type=\"widget\" data-widget_type=\"pxl_button.default\">\n\t\t\t\t<div class=\"elementor-widget-container\">\n\t\t\t\t\t<div id=\"pxl-pxl_button-3204ca6-1202\" class=\"pxl-button wow fadeInUp\" data-wow-delay=\"600ms\">\r\n    <a href=\"\/fr\/produits\/\" class=\"btn pxl-icon-active btn-nanuk wow fadeInUp pxl-icon--left\" data-wow-delay=\"600ms\">\r\n        \r\n                \r\n        <span class=\"pxl--btn-text\" data-text=\"Tous les produits\">\r\n            <span>T<\/span><span>o<\/span><span>u<\/span><span>s<\/span><span class=\"spacer\">&nbsp;<\/span><span>l<\/span><span>e<\/span><span>s<\/span><span class=\"spacer\">&nbsp;<\/span><span>p<\/span><span>r<\/span><span>o<\/span><span>d<\/span><span>u<\/span><span>i<\/span><span>t<\/span><span>s<\/span>        <\/span>\r\n        \r\n         \r\n\r\n    <\/a>\r\n<\/div>\t\t\t\t<\/div>\n\t\t\t\t<\/div>\n\t\t            <\/div>\r\n        <\/div>\r\n                <div class=\"elementor-column elementor-col-50 elementor-top-column elementor-element elementor-element-80d5912 pxl-column-none\" data-id=\"80d5912\" data-element_type=\"column\" data-e-type=\"column\">\r\n        <div class=\"elementor-widget-wrap elementor-element-populated\">\r\n                     \r\n        \t\t<div class=\"elementor-element elementor-element-2f0f653 elementor-widget elementor-widget-pxl_image\" data-id=\"2f0f653\" data-element_type=\"widget\" data-e-type=\"widget\" data-widget_type=\"pxl_image.default\">\n\t\t\t\t<div class=\"elementor-widget-container\">\n\t\t\t\t\t<div id=\"pxl_image-2f0f653-7986\" class=\"pxl-image-single  style-default \" data-wow-delay=\"ms\" >\r\n    <div class=\"pxl-item--inner \" data-wow-delay=\"120ms\">\r\n        \r\n                                <div class=\"pxl-item--image\" data-parallax-value=\"\">\r\n                        <div id=\"pxl_image-2f0f653-7347\" class=\"pxl-image-wg\" duration=\"1\">\r\n                                                            <img loading=\"lazy\" decoding=\"async\" width=\"1208\" height=\"634\" src=\"https:\/\/www.degrea.com\/wp-content\/uploads\/2025\/04\/prodotti.png\" class=\"no-lazyload attachment-full\" alt=\"\" \/>                                                    <\/div>\r\n                    <\/div>\r\n                            \r\n            <\/div>\r\n<\/div>\t\t\t\t<\/div>\n\t\t\t\t<\/div>\n\t\t            <\/div>\r\n        <\/div>\r\n        \t\t\t<\/div>\n\t\t<\/section>\n\t\t\t\t<\/div>\n\t\t","protected":false},"excerpt":{"rendered":"<p>welcome to our company DURABILIT\u00c9 La terre est dans nos c\u0153urs et dans nos fours ENTREPRISE INNOVATION PREMIUM TERRACOTTA PLANET EARTH AT HEART Nous avons \u00e0 c\u0153ur la plan\u00e8te Terre. Nous nous engageons dans une s\u00e9rie d\u2019actions concr\u00e8tes pour r\u00e9duire notre impact sur l\u2019environnement. La durabilit\u00e9 est l\u2019un des piliers fondamentaux de la philosophie de [&hellip;]<\/p>\n","protected":false},"author":1,"featured_media":0,"parent":0,"menu_order":0,"comment_status":"closed","ping_status":"closed","template":"elementor_header_footer","meta":{"_acf_changed":false,"footnotes":""},"class_list":["post-12265","page","type-page","status-publish","hentry"],"acf":[],"_links":{"self":[{"href":"https:\/\/www.degrea.com\/fr\/wp-json\/wp\/v2\/pages\/12265","targetHints":{"allow":["GET"]}}],"collection":[{"href":"https:\/\/www.degrea.com\/fr\/wp-json\/wp\/v2\/pages"}],"about":[{"href":"https:\/\/www.degrea.com\/fr\/wp-json\/wp\/v2\/types\/page"}],"author":[{"embeddable":true,"href":"https:\/\/www.degrea.com\/fr\/wp-json\/wp\/v2\/users\/1"}],"replies":[{"embeddable":true,"href":"https:\/\/www.degrea.com\/fr\/wp-json\/wp\/v2\/comments?post=12265"}],"version-history":[{"count":46,"href":"https:\/\/www.degrea.com\/fr\/wp-json\/wp\/v2\/pages\/12265\/revisions"}],"predecessor-version":[{"id":13627,"href":"https:\/\/www.degrea.com\/fr\/wp-json\/wp\/v2\/pages\/12265\/revisions\/13627"}],"wp:attachment":[{"href":"https:\/\/www.degrea.com\/fr\/wp-json\/wp\/v2\/media?parent=12265"}],"curies":[{"name":"wp","href":"https:\/\/api.w.org\/{rel}","templated":true}]}}